{"id":4682,"date":"2023-09-25T10:10:14","date_gmt":"2023-09-25T02:10:14","guid":{"rendered":"https:\/\/www.thy-precision.com\/contact\/"},"modified":"2026-03-06T16:17:56","modified_gmt":"2026-03-06T08:17:56","slug":"contact","status":"publish","type":"page","link":"https:\/\/www.thy-precision.com\/de\/contact\/","title":{"rendered":"KONTAKT"},"content":{"rendered":"\t\t<div data-elementor-type=\"wp-page\" data-elementor-id=\"4682\" class=\"elementor elementor-4682 elementor-34\" data-elementor-post-type=\"page\">\n\t\t\t\t<div class=\"elementor-element elementor-element-8360a15 e-flex e-con-boxed e-con e-parent\" data-id=\"8360a15\" data-element_type=\"container\" data-settings=\"{&quot;background_background&quot;:&quot;classic&quot;}\">\n\t\t\t\t\t<div class=\"e-con-inner\">\n\t\t\t\t\t<\/div>\n\t\t\t\t<\/div>\n\t\t<div class=\"elementor-element elementor-element-1f81e2b e-flex e-con-boxed e-con e-parent\" data-id=\"1f81e2b\" data-element_type=\"container\" data-settings=\"{&quot;background_background&quot;:&quot;classic&quot;}\">\n\t\t\t\t\t<div class=\"e-con-inner\">\n\t\t<div class=\"elementor-element elementor-element-3428c19 e-con-full e-flex e-con e-child\" data-id=\"3428c19\" data-element_type=\"container\" data-settings=\"{&quot;background_background&quot;:&quot;classic&quot;}\">\n\t\t\t\t<div class=\"elementor-element elementor-element-63bb4a2 elementor-widget elementor-widget-breadcrumbs\" data-id=\"63bb4a2\" data-element_type=\"widget\" data-widget_type=\"breadcrumbs.default\">\n\t\t\t\t<div class=\"elementor-widget-container\">\n\t\t\t\t\t<p id=\"breadcrumbs\"><span><span><a href=\"https:\/\/www.thy-precision.com\/de\/\">HAUPTSEITE<\/a><\/span><\/span><\/p>\t\t\t\t<\/div>\n\t\t\t\t<\/div>\n\t\t\t\t<div class=\"elementor-element elementor-element-19b440b elementor-widget elementor-widget-heading\" data-id=\"19b440b\" data-element_type=\"widget\" data-widget_type=\"heading.default\">\n\t\t\t\t<div class=\"elementor-widget-container\">\n\t\t\t\t\t<h1 class=\"elementor-heading-title elementor-size-default\">Kontakt zu THY<\/h1>\t\t\t\t<\/div>\n\t\t\t\t<\/div>\n\t\t\t\t<div class=\"elementor-element elementor-element-c41f668 elementor-widget__width-initial elementor-widget elementor-widget-text-editor\" data-id=\"c41f668\" data-element_type=\"widget\" data-widget_type=\"text-editor.default\">\n\t\t\t\t<div class=\"elementor-widget-container\">\n\t\t\t\t\t\t\t\t\t<p>Unser Engagement f\u00fcr Pr\u00e4zision und Innovation macht uns zum idealen Partner f\u00fcr die Hersteller von Spritzguss- und Medizinprodukten, die hochwertige und zuverl\u00e4ssige L\u00f6sungen suchen.\u00a0<\/p><p>Bei Interesse an unseren Dienstleistungen erreichen Sie uns per E-Mail unter:<\/p><h3><strong><a href=\"mailto:sales@thy-precision.com\">sales@thy-precision.com<\/a><\/strong><\/h3><h3>Weitere Ressourcen \u00fcber THY-Mikrospritzguss-Dienstleistungen<\/h3><div><div id=\"429262419159662936\"><div>Die Antworten auf <a href=\"https:\/\/www.thy-precision.com\/de\/faq\/\">die h\u00e4ufig gestellten Fragen (FAQs) <\/a> k\u00f6nnen Ihnen m\u00f6glicherweise die Informationen liefern, nach denen Sie suchen.<\/div><\/div><\/div>\t\t\t\t\t\t\t\t<\/div>\n\t\t\t\t<\/div>\n\t\t\t\t<\/div>\n\t\t<div class=\"elementor-element elementor-element-daa8c4c e-con-full e-flex e-con e-child\" data-id=\"daa8c4c\" data-element_type=\"container\" data-settings=\"{&quot;background_background&quot;:&quot;classic&quot;}\">\n\t\t\t\t<\/div>\n\t\t\t\t\t<\/div>\n\t\t\t\t<\/div>\n\t\t<div class=\"elementor-element elementor-element-28e2872 contact_map e-flex e-con-boxed e-con e-parent\" data-id=\"28e2872\" data-element_type=\"container\">\n\t\t\t\t\t<div class=\"e-con-inner\">\n\t\t\t\t<div class=\"elementor-element elementor-element-5ece250 elementor-widget elementor-widget-google_maps\" data-id=\"5ece250\" data-element_type=\"widget\" data-widget_type=\"google_maps.default\">\n\t\t\t\t<div class=\"elementor-widget-container\">\n\t\t\t\t\t\t\t<div class=\"elementor-custom-embed\">\n\t\t\t<iframe loading=\"lazy\"\n\t\t\t\t\tsrc=\"https:\/\/maps.google.com\/maps?q=%E5%AE%8F%E6%B4%8B%E7%B2%BE%E5%AF%86%E5%B7%A5%E6%A5%AD%E8%82%A1%E4%BB%BD%E6%9C%89%E9%99%90%E5%85%AC%E5%8F%B8&#038;t=m&#038;z=15&#038;output=embed&#038;iwloc=near\"\n\t\t\t\t\ttitle=\"\u5b8f\u6d0b\u7cbe\u5bc6\u5de5\u696d\u80a1\u4efd\u6709\u9650\u516c\u53f8\"\n\t\t\t\t\taria-label=\"\u5b8f\u6d0b\u7cbe\u5bc6\u5de5\u696d\u80a1\u4efd\u6709\u9650\u516c\u53f8\"\n\t\t\t><\/iframe>\n\t\t<\/div>\n\t\t\t\t\t\t<\/div>\n\t\t\t\t<\/div>\n\t\t\t\t<div class=\"elementor-element elementor-element-a098a17 elementor-widget__width-initial contact_map_info elementor-widget-tablet__width-initial elementor-widget elementor-widget-text-editor\" data-id=\"a098a17\" data-element_type=\"widget\" data-widget_type=\"text-editor.default\">\n\t\t\t\t<div class=\"elementor-widget-container\">\n\t\t\t\t\t\t\t\t\t<div id=\"388887781960656508\"><div><div id=\"element-e90b388d-4823-441f-bf94-de9fc5c364e8\" class=\"platform-element-contents\" data-platform-element-id=\"919380649307043755-1.0.0\"><h2 class=\"default-font default-transform desktop\">Hong Yang Precision Industry Co., Ltd.<\/h2><\/div><div><strong>Email: <a href=\"mailto:sales@thy-precision.com\">sales@thy-precision.com <\/a><\/strong><\/div><\/div><\/div><div class=\"paragraph\">No. 9, Chanxue 4th Rd., Erlin Township, Changhua County, 526016, Taiwan<br \/><strong>Tel:<\/strong> +886-4-8653625 <br \/>\u200b\u200b<strong>Fax:<\/strong>+886-4-8654175<br \/>\u200b<br \/><span style=\"font-weight: 400;\">\u200bWir freuen uns \u00fcber Ihren Besuch in unserer Fabrik in Taiwan. Bitte kontaktieren Sie uns per E-Mail, um eine Werksbesichtigung zu vereinbaren.<\/span><\/div>\t\t\t\t\t\t\t\t<\/div>\n\t\t\t\t<\/div>\n\t\t\t\t\t<\/div>\n\t\t\t\t<\/div>\n\t\t\t\t<\/div>\n\t\t","protected":false},"excerpt":{"rendered":"<p>Kontakt zu THY Unser Engagement f\u00fcr Pr\u00e4zision und Innovation macht uns zum idealen Partner f\u00fcr die Hersteller von Spritzguss- und Medizinprodukten, die hochwertige und zuverl\u00e4ssige L\u00f6sungen suchen.\u00a0 Bei Interesse an unseren Dienstleistungen erreichen Sie uns per E-Mail unter: sales@thy-precision.com Weitere Ressourcen \u00fcber THY-Mikrospritzguss-Dienstleistungen Die Antworten auf die h\u00e4ufig gestellten Fragen (FAQs) k\u00f6nnen Ihnen m\u00f6glicherweise die [&hellip;]<\/p>\n","protected":false},"author":1,"featured_media":0,"parent":0,"menu_order":0,"comment_status":"closed","ping_status":"closed","template":"","meta":{"footnotes":""},"class_list":["post-4682","page","type-page","status-publish","hentry"],"yoast_head":"<!-- This site is optimized with the Yoast SEO plugin v25.9 - https:\/\/yoast.com\/wordpress\/plugins\/seo\/ -->\n<title>Kontaktieren Sie uns - Mikrospritzguss - THY Precision<\/title>\n<meta name=\"description\" content=\"THY Precision ist spezialisiert auf Kunststoff-Mikrospritzguss, CNC-Formenbau und -Herstellung. Wir begr\u00fc\u00dfen OEM- und ODM-Auftr\u00e4ge weltweit.\" \/>\n<meta name=\"robots\" content=\"index, follow, max-snippet:-1, max-image-preview:large, max-video-preview:-1\" \/>\n<link rel=\"canonical\" href=\"https:\/\/www.thy-precision.com\/de\/contact\/\" \/>\n<meta property=\"og:locale\" content=\"de_DE\" \/>\n<meta property=\"og:type\" content=\"article\" \/>\n<meta property=\"og:title\" content=\"Kontaktieren Sie uns - Mikrospritzguss - THY Precision\" \/>\n<meta property=\"og:description\" content=\"THY Precision ist spezialisiert auf Kunststoff-Mikrospritzguss, CNC-Formenbau und -Herstellung. Wir begr\u00fc\u00dfen OEM- und ODM-Auftr\u00e4ge weltweit.\" \/>\n<meta property=\"og:url\" content=\"https:\/\/www.thy-precision.com\/de\/contact\/\" \/>\n<meta property=\"og:site_name\" content=\"\u200bHong Yang Precision Industry Co., Ltd.\" \/>\n<meta property=\"article:modified_time\" content=\"2026-03-06T08:17:56+00:00\" \/>\n<meta name=\"twitter:card\" content=\"summary_large_image\" \/>\n<meta name=\"twitter:label1\" content=\"Gesch\u00e4tzte Lesezeit\" \/>\n\t<meta name=\"twitter:data1\" content=\"1\u00a0Minute\" \/>\n<script type=\"application\/ld+json\" class=\"yoast-schema-graph\">{\"@context\":\"https:\/\/schema.org\",\"@graph\":[{\"@type\":\"WebPage\",\"@id\":\"https:\/\/www.thy-precision.com\/de\/contact\/\",\"url\":\"https:\/\/www.thy-precision.com\/de\/contact\/\",\"name\":\"Kontaktieren Sie uns - Mikrospritzguss - THY Precision\",\"isPartOf\":{\"@id\":\"https:\/\/www.thy-precision.com\/de\/#website\"},\"datePublished\":\"2023-09-25T02:10:14+00:00\",\"dateModified\":\"2026-03-06T08:17:56+00:00\",\"description\":\"THY Precision ist spezialisiert auf Kunststoff-Mikrospritzguss, CNC-Formenbau und -Herstellung. Wir begr\u00fc\u00dfen OEM- und ODM-Auftr\u00e4ge weltweit.\",\"breadcrumb\":{\"@id\":\"https:\/\/www.thy-precision.com\/de\/contact\/#breadcrumb\"},\"inLanguage\":\"de\",\"potentialAction\":[{\"@type\":\"ReadAction\",\"target\":[\"https:\/\/www.thy-precision.com\/de\/contact\/\"]}]},{\"@type\":\"BreadcrumbList\",\"@id\":\"https:\/\/www.thy-precision.com\/de\/contact\/#breadcrumb\",\"itemListElement\":[{\"@type\":\"ListItem\",\"position\":1,\"name\":\"HAUPTSEITE\",\"item\":\"https:\/\/www.thy-precision.com\/de\/\"},{\"@type\":\"ListItem\",\"position\":2,\"name\":\"KONTAKT\"}]},{\"@type\":\"WebSite\",\"@id\":\"https:\/\/www.thy-precision.com\/de\/#website\",\"url\":\"https:\/\/www.thy-precision.com\/de\/\",\"name\":\"\u200bHong Yang Precision Industry Co., Ltd.\",\"description\":\"\",\"publisher\":{\"@id\":\"https:\/\/www.thy-precision.com\/de\/#organization\"},\"potentialAction\":[{\"@type\":\"SearchAction\",\"target\":{\"@type\":\"EntryPoint\",\"urlTemplate\":\"https:\/\/www.thy-precision.com\/de\/?s={search_term_string}\"},\"query-input\":{\"@type\":\"PropertyValueSpecification\",\"valueRequired\":true,\"valueName\":\"search_term_string\"}}],\"inLanguage\":\"de\"},{\"@type\":\"Organization\",\"@id\":\"https:\/\/www.thy-precision.com\/de\/#organization\",\"name\":\"\u200bHong Yang Precision Industry Co., Ltd.\",\"url\":\"https:\/\/www.thy-precision.com\/de\/\",\"logo\":{\"@type\":\"ImageObject\",\"inLanguage\":\"de\",\"@id\":\"https:\/\/www.thy-precision.com\/de\/#\/schema\/logo\/image\/\",\"url\":\"https:\/\/www.thy-precision.com\/wp-content\/uploads\/2023\/10\/favicon.png\",\"contentUrl\":\"https:\/\/www.thy-precision.com\/wp-content\/uploads\/2023\/10\/favicon.png\",\"width\":144,\"height\":144,\"caption\":\"\u200bHong Yang Precision Industry Co., Ltd.\"},\"image\":{\"@id\":\"https:\/\/www.thy-precision.com\/de\/#\/schema\/logo\/image\/\"}}]}<\/script>\n<!-- \/ Yoast SEO plugin. -->","yoast_head_json":{"title":"Kontaktieren Sie uns - Mikrospritzguss - THY Precision","description":"THY Precision ist spezialisiert auf Kunststoff-Mikrospritzguss, CNC-Formenbau und -Herstellung. Wir begr\u00fc\u00dfen OEM- und ODM-Auftr\u00e4ge weltweit.","robots":{"index":"index","follow":"follow","max-snippet":"max-snippet:-1","max-image-preview":"max-image-preview:large","max-video-preview":"max-video-preview:-1"},"canonical":"https:\/\/www.thy-precision.com\/de\/contact\/","og_locale":"de_DE","og_type":"article","og_title":"Kontaktieren Sie uns - Mikrospritzguss - THY Precision","og_description":"THY Precision ist spezialisiert auf Kunststoff-Mikrospritzguss, CNC-Formenbau und -Herstellung. Wir begr\u00fc\u00dfen OEM- und ODM-Auftr\u00e4ge weltweit.","og_url":"https:\/\/www.thy-precision.com\/de\/contact\/","og_site_name":"\u200bHong Yang Precision Industry Co., Ltd.","article_modified_time":"2026-03-06T08:17:56+00:00","twitter_card":"summary_large_image","twitter_misc":{"Gesch\u00e4tzte Lesezeit":"1\u00a0Minute"},"schema":{"@context":"https:\/\/schema.org","@graph":[{"@type":"WebPage","@id":"https:\/\/www.thy-precision.com\/de\/contact\/","url":"https:\/\/www.thy-precision.com\/de\/contact\/","name":"Kontaktieren Sie uns - Mikrospritzguss - THY Precision","isPartOf":{"@id":"https:\/\/www.thy-precision.com\/de\/#website"},"datePublished":"2023-09-25T02:10:14+00:00","dateModified":"2026-03-06T08:17:56+00:00","description":"THY Precision ist spezialisiert auf Kunststoff-Mikrospritzguss, CNC-Formenbau und -Herstellung. Wir begr\u00fc\u00dfen OEM- und ODM-Auftr\u00e4ge weltweit.","breadcrumb":{"@id":"https:\/\/www.thy-precision.com\/de\/contact\/#breadcrumb"},"inLanguage":"de","potentialAction":[{"@type":"ReadAction","target":["https:\/\/www.thy-precision.com\/de\/contact\/"]}]},{"@type":"BreadcrumbList","@id":"https:\/\/www.thy-precision.com\/de\/contact\/#breadcrumb","itemListElement":[{"@type":"ListItem","position":1,"name":"HAUPTSEITE","item":"https:\/\/www.thy-precision.com\/de\/"},{"@type":"ListItem","position":2,"name":"KONTAKT"}]},{"@type":"WebSite","@id":"https:\/\/www.thy-precision.com\/de\/#website","url":"https:\/\/www.thy-precision.com\/de\/","name":"\u200bHong Yang Precision Industry Co., Ltd.","description":"","publisher":{"@id":"https:\/\/www.thy-precision.com\/de\/#organization"},"potentialAction":[{"@type":"SearchAction","target":{"@type":"EntryPoint","urlTemplate":"https:\/\/www.thy-precision.com\/de\/?s={search_term_string}"},"query-input":{"@type":"PropertyValueSpecification","valueRequired":true,"valueName":"search_term_string"}}],"inLanguage":"de"},{"@type":"Organization","@id":"https:\/\/www.thy-precision.com\/de\/#organization","name":"\u200bHong Yang Precision Industry Co., Ltd.","url":"https:\/\/www.thy-precision.com\/de\/","logo":{"@type":"ImageObject","inLanguage":"de","@id":"https:\/\/www.thy-precision.com\/de\/#\/schema\/logo\/image\/","url":"https:\/\/www.thy-precision.com\/wp-content\/uploads\/2023\/10\/favicon.png","contentUrl":"https:\/\/www.thy-precision.com\/wp-content\/uploads\/2023\/10\/favicon.png","width":144,"height":144,"caption":"\u200bHong Yang Precision Industry Co., Ltd."},"image":{"@id":"https:\/\/www.thy-precision.com\/de\/#\/schema\/logo\/image\/"}}]}},"_links":{"self":[{"href":"https:\/\/www.thy-precision.com\/de\/wp-json\/wp\/v2\/pages\/4682","targetHints":{"allow":["GET"]}}],"collection":[{"href":"https:\/\/www.thy-precision.com\/de\/wp-json\/wp\/v2\/pages"}],"about":[{"href":"https:\/\/www.thy-precision.com\/de\/wp-json\/wp\/v2\/types\/page"}],"author":[{"embeddable":true,"href":"https:\/\/www.thy-precision.com\/de\/wp-json\/wp\/v2\/users\/1"}],"replies":[{"embeddable":true,"href":"https:\/\/www.thy-precision.com\/de\/wp-json\/wp\/v2\/comments?post=4682"}],"version-history":[{"count":44,"href":"https:\/\/www.thy-precision.com\/de\/wp-json\/wp\/v2\/pages\/4682\/revisions"}],"predecessor-version":[{"id":8240,"href":"https:\/\/www.thy-precision.com\/de\/wp-json\/wp\/v2\/pages\/4682\/revisions\/8240"}],"wp:attachment":[{"href":"https:\/\/www.thy-precision.com\/de\/wp-json\/wp\/v2\/media?parent=4682"}],"curies":[{"name":"wp","href":"https:\/\/api.w.org\/{rel}","templated":true}]}}